{"id":3206,"date":"2025-08-02T08:26:40","date_gmt":"2025-08-02T05:26:40","guid":{"rendered":"https:\/\/jawavaruosad.com\/?post_type=product&#038;p=3206"},"modified":"2025-08-02T08:26:40","modified_gmt":"2025-08-02T05:26:40","slug":"vantvoll-jupiter-puks","status":"publish","type":"product","link":"https:\/\/jawavaruosad.com\/et\/toode\/vantvoll-jupiter-puks\/","title":{"rendered":"V\u00c4NTV\u00d5LL JUPITER PUKS"},"content":{"rendered":"<p>V\u00c4NTV\u00d5LL KOMPL 2TK,<\/p>","protected":false},"excerpt":{"rendered":"<p>V\u00c4NTV\u00d5LL KOMPL 2TK,<\/p>","protected":false},"featured_media":3207,"comment_status":"open","ping_status":"closed","template":"","meta":{"inline_featured_image":false,"_kadence_starter_templates_imported_post":false,"_kad_post_transparent":"default","_kad_post_title":"","_kad_post_layout":"default","_kad_post_sidebar_id":"","_kad_post_content_style":"default","_kad_post_vertical_padding":"default","_kad_post_feature":"","_kad_post_feature_position":"","_kad_post_header":false,"_kad_post_footer":false,"_kad_post_classname":""},"product_brand":[],"product_cat":[61],"product_tag":[],"class_list":{"0":"post-3206","1":"product","2":"type-product","3":"status-publish","4":"has-post-thumbnail","6":"product_cat-crankshafts-engine-gears-engine-parts-izh","8":"first","9":"instock","10":"shipping-taxable","11":"purchasable","12":"product-type-simple","13":"entry","14":"content-bg","15":"loop-entry"},"jetpack_sharing_enabled":true,"_links":{"self":[{"href":"https:\/\/jawavaruosad.com\/et\/wp-json\/wp\/v2\/product\/3206","targetHints":{"allow":["GET"]}}],"collection":[{"href":"https:\/\/jawavaruosad.com\/et\/wp-json\/wp\/v2\/product"}],"about":[{"href":"https:\/\/jawavaruosad.com\/et\/wp-json\/wp\/v2\/types\/product"}],"replies":[{"embeddable":true,"href":"https:\/\/jawavaruosad.com\/et\/wp-json\/wp\/v2\/comments?post=3206"}],"wp:featuredmedia":[{"embeddable":true,"href":"https:\/\/jawavaruosad.com\/et\/wp-json\/wp\/v2\/media\/3207"}],"wp:attachment":[{"href":"https:\/\/jawavaruosad.com\/et\/wp-json\/wp\/v2\/media?parent=3206"}],"wp:term":[{"taxonomy":"product_brand","embeddable":true,"href":"https:\/\/jawavaruosad.com\/et\/wp-json\/wp\/v2\/product_brand?post=3206"},{"taxonomy":"product_cat","embeddable":true,"href":"https:\/\/jawavaruosad.com\/et\/wp-json\/wp\/v2\/product_cat?post=3206"},{"taxonomy":"product_tag","embeddable":true,"href":"https:\/\/jawavaruosad.com\/et\/wp-json\/wp\/v2\/product_tag?post=3206"}],"curies":[{"name":"wp","href":"https:\/\/api.w.org\/{rel}","templated":true}]}}