{"id":3138,"date":"2025-06-03T17:21:19","date_gmt":"2025-06-03T14:21:19","guid":{"rendered":"https:\/\/jawavaruosad.com\/?post_type=product&#038;p=3138"},"modified":"2025-06-03T17:21:19","modified_gmt":"2025-06-03T14:21:19","slug":"roongad-d-motor-1tuuk","status":"publish","type":"product","link":"https:\/\/jawavaruosad.com\/ru\/product\/roongad-d-motor-1tuuk\/","title":{"rendered":"R\u00f5\u00f5ngad D-motor 1t\u00fc\u00fck"},"content":{"rendered":"<blockquote><p><img fetchpriority=\"high\" decoding=\"async\" class=\"alignnone size-medium wp-image-3139 alignleft\" src=\"https:\/\/jawavaruosad.com\/wp-content\/uploads\/2025\/06\/90983424-300x300.jpg\" alt=\"\" width=\"300\" height=\"300\" srcset=\"https:\/\/jawavaruosad.com\/wp-content\/uploads\/2025\/06\/90983424-300x300.jpg 300w, https:\/\/jawavaruosad.com\/wp-content\/uploads\/2025\/06\/90983424-150x150.jpg 150w, https:\/\/jawavaruosad.com\/wp-content\/uploads\/2025\/06\/90983424-12x12.jpg 12w, https:\/\/jawavaruosad.com\/wp-content\/uploads\/2025\/06\/90983424-100x100.jpg 100w, https:\/\/jawavaruosad.com\/wp-content\/uploads\/2025\/06\/90983424.jpg 560w\" sizes=\"(max-width: 300px) 100vw, 300px\" \/>nominal \/1\/2\/3\/4 remont<\/p><\/blockquote>\n","protected":false},"excerpt":{"rendered":"<p>nominal \/1\/2\/3\/4 remont<\/p>\n","protected":false},"featured_media":3139,"comment_status":"open","ping_status":"closed","template":"","meta":{"inline_featured_image":false,"_kadence_starter_templates_imported_post":false,"_kad_post_transparent":"default","_kad_post_title":"","_kad_post_layout":"default","_kad_post_sidebar_id":"","_kad_post_content_style":"default","_kad_post_vertical_padding":"default","_kad_post_feature":"","_kad_post_feature_position":"","_kad_post_header":false,"_kad_post_footer":false,"_kad_post_classname":""},"product_brand":[],"product_cat":[75,36,77],"product_tag":[],"class_list":{"0":"post-3138","1":"product","2":"type-product","3":"status-publish","4":"has-post-thumbnail","6":"product_cat-engine-parts-mopedy","7":"product_cat-mopedy","8":"product_cat-piston-pistons-rings-engine-parts-mopedy","10":"first","11":"instock","12":"shipping-taxable","13":"purchasable","14":"product-type-simple","15":"entry","16":"content-bg","17":"loop-entry"},"jetpack_sharing_enabled":true,"_links":{"self":[{"href":"https:\/\/jawavaruosad.com\/ru\/wp-json\/wp\/v2\/product\/3138","targetHints":{"allow":["GET"]}}],"collection":[{"href":"https:\/\/jawavaruosad.com\/ru\/wp-json\/wp\/v2\/product"}],"about":[{"href":"https:\/\/jawavaruosad.com\/ru\/wp-json\/wp\/v2\/types\/product"}],"replies":[{"embeddable":true,"href":"https:\/\/jawavaruosad.com\/ru\/wp-json\/wp\/v2\/comments?post=3138"}],"wp:featuredmedia":[{"embeddable":true,"href":"https:\/\/jawavaruosad.com\/ru\/wp-json\/wp\/v2\/media\/3139"}],"wp:attachment":[{"href":"https:\/\/jawavaruosad.com\/ru\/wp-json\/wp\/v2\/media?parent=3138"}],"wp:term":[{"taxonomy":"product_brand","embeddable":true,"href":"https:\/\/jawavaruosad.com\/ru\/wp-json\/wp\/v2\/product_brand?post=3138"},{"taxonomy":"product_cat","embeddable":true,"href":"https:\/\/jawavaruosad.com\/ru\/wp-json\/wp\/v2\/product_cat?post=3138"},{"taxonomy":"product_tag","embeddable":true,"href":"https:\/\/jawavaruosad.com\/ru\/wp-json\/wp\/v2\/product_tag?post=3138"}],"curies":[{"name":"wp","href":"https:\/\/api.w.org\/{rel}","templated":true}]}}