{"id":3144,"date":"2025-06-03T17:34:32","date_gmt":"2025-06-03T14:34:32","guid":{"rendered":"https:\/\/jawavaruosad.com\/?post_type=product&#038;p=3144"},"modified":"2025-06-03T17:34:46","modified_gmt":"2025-06-03T14:34:46","slug":"kolvi-rongas-minsk-1tuuk","status":"publish","type":"product","link":"https:\/\/jawavaruosad.com\/ru\/product\/kolvi-rongas-minsk-1tuuk\/","title":{"rendered":"kolvi r\u00f5ngas minsk 1t\u00fc\u00fck"},"content":{"rendered":"<p><img fetchpriority=\"high\" decoding=\"async\" class=\"alignnone size-medium wp-image-3141\" src=\"https:\/\/jawavaruosad.com\/wp-content\/uploads\/2025\/06\/6235782088-225x300.jpg\" alt=\"\" width=\"225\" height=\"300\" srcset=\"https:\/\/jawavaruosad.com\/wp-content\/uploads\/2025\/06\/6235782088-225x300.jpg 225w, https:\/\/jawavaruosad.com\/wp-content\/uploads\/2025\/06\/6235782088-9x12.jpg 9w, https:\/\/jawavaruosad.com\/wp-content\/uploads\/2025\/06\/6235782088-600x800.jpg 600w, https:\/\/jawavaruosad.com\/wp-content\/uploads\/2025\/06\/6235782088.jpg 720w\" sizes=\"(max-width: 225px) 100vw, 225px\" \/><\/p>\n<p>Nominal\/1\/2\/3\/4remont<\/p>\n","protected":false},"excerpt":{"rendered":"<p>Nominal\/1\/2\/3\/4remont<\/p>\n","protected":false},"featured_media":3141,"comment_status":"open","ping_status":"closed","template":"","meta":{"inline_featured_image":false,"_kadence_starter_templates_imported_post":false,"_kad_post_transparent":"default","_kad_post_title":"","_kad_post_layout":"default","_kad_post_sidebar_id":"","_kad_post_content_style":"default","_kad_post_vertical_padding":"default","_kad_post_feature":"","_kad_post_feature_position":"","_kad_post_header":false,"_kad_post_footer":false,"_kad_post_classname":""},"product_brand":[],"product_cat":[65,42,67],"product_tag":[],"class_list":{"0":"post-3144","1":"product","2":"type-product","3":"status-publish","4":"has-post-thumbnail","6":"product_cat-engine-parts-minsk","7":"product_cat-minsk","8":"product_cat-piston-pistons-rings-engine-parts-minsk","10":"first","11":"instock","12":"shipping-taxable","13":"purchasable","14":"product-type-simple","15":"entry","16":"content-bg","17":"loop-entry"},"jetpack_sharing_enabled":true,"_links":{"self":[{"href":"https:\/\/jawavaruosad.com\/ru\/wp-json\/wp\/v2\/product\/3144","targetHints":{"allow":["GET"]}}],"collection":[{"href":"https:\/\/jawavaruosad.com\/ru\/wp-json\/wp\/v2\/product"}],"about":[{"href":"https:\/\/jawavaruosad.com\/ru\/wp-json\/wp\/v2\/types\/product"}],"replies":[{"embeddable":true,"href":"https:\/\/jawavaruosad.com\/ru\/wp-json\/wp\/v2\/comments?post=3144"}],"wp:featuredmedia":[{"embeddable":true,"href":"https:\/\/jawavaruosad.com\/ru\/wp-json\/wp\/v2\/media\/3141"}],"wp:attachment":[{"href":"https:\/\/jawavaruosad.com\/ru\/wp-json\/wp\/v2\/media?parent=3144"}],"wp:term":[{"taxonomy":"product_brand","embeddable":true,"href":"https:\/\/jawavaruosad.com\/ru\/wp-json\/wp\/v2\/product_brand?post=3144"},{"taxonomy":"product_cat","embeddable":true,"href":"https:\/\/jawavaruosad.com\/ru\/wp-json\/wp\/v2\/product_cat?post=3144"},{"taxonomy":"product_tag","embeddable":true,"href":"https:\/\/jawavaruosad.com\/ru\/wp-json\/wp\/v2\/product_tag?post=3144"}],"curies":[{"name":"wp","href":"https:\/\/api.w.org\/{rel}","templated":true}]}}